{"id":9308,"date":"2019-06-05T11:03:03","date_gmt":"2019-06-05T09:03:03","guid":{"rendered":"http:\/\/dev.jacqueslacoste.com\/?page_id=9308"},"modified":"2020-07-22T17:06:46","modified_gmt":"2020-07-22T15:06:46","slug":"pad-paris-2019","status":"publish","type":"page","link":"https:\/\/www.jacqueslacoste.com\/en\/exhibitions\/pad-paris-2019\/","title":{"rendered":"PAD PARIS 2019"},"content":{"rendered":"<p>[vc_row el_id=&#8221;arianne&#8221;][vc_column][vc_column_text]<nav aria-label=\"breadcrumbs\">\n            <div class=\"breadcrumb-container theme1\">\n                <ol>\n                                    <\/ol>\n            <\/div>\n        <\/nav>    <script type=\"application\/ld+json\">\n        {\n            \"@context\": \"http:\/\/schema.org\",\n            \"@type\": \"BreadcrumbList\",\n            \"itemListElement\": [\n                            ]\n        }\n    <\/script>\n   \n    <script>\n            <\/script>\n[\/vc_column_text][\/vc_column][\/vc_row][vc_row el_id=&#8221;single-prod&#8221;][vc_column width=&#8221;1\/2&#8243;][vc_gallery type=&#8221;image_grid&#8221; images=&#8221;9101,9095,9109,9111,9093,9097,9099,9103,9105,9107,9113&#8243; img_size=&#8221;full&#8221;][\/vc_column][vc_column width=&#8221;1\/2&#8243; el_class=&#8221;product-details&#8221;][vc_column_text]<\/p>\n<h2>PAD PARIS<\/h2>\n<h3>April 2019 | Paris &#8211; France<\/h3>\n<p>&nbsp;<\/p>\n<p style=\"text-align: justify;\"><span style=\"text-decoration: underline;\">Designers exhibited :<br \/>\n<\/span><br \/>\nJacques-\u00c9mile Ruhlmann<br class=\"\" \/>Jean Dunand<br \/>\n\u00c9tienne Cournault<br \/>\nSerge Roche<br \/>\nRen\u00e9 Drouet<br \/>\nJean Roy\u00e8re<\/p>\n<p>[\/vc_column_text][vc_column_text]<\/p>\n<ul class=\"list-inline prod-list\">\n<li><a href=\"mailto:?subject=Exhibitions - PAD PARIS 2019 &body=https:\/\/www.jacqueslacoste.com\/en\/exhibitions\/pad-paris-2019\/\">SHARE<\/a><\/li>\n<\/ul>\n<p>[\/vc_column_text][vc_btn title=&#8221;BACK&#8221; style=&#8221;classic&#8221; link=&#8221;url:https%3A%2F%2Fwww.jacqueslacoste.com%2Fen%2Fexhibitions%2F|||&#8221;][\/vc_column][\/vc_row]<\/p>\n","protected":false},"excerpt":{"rendered":"<p>[vc_row el_id=&#8221;arianne&#8221;][vc_column][vc_column_text][\/vc_column_text][\/vc_column][\/vc_row][vc_row el_id=&#8221;single-prod&#8221;][vc_column width=&#8221;1\/2&#8243;][vc_gallery type=&#8221;image_grid&#8221; images=&#8221;9101,9095,9109,9111,9093,9097,9099,9103,9105,9107,9113&#8243; img_size=&#8221;full&#8221;][\/vc_column][vc_column width=&#8221;1\/2&#8243; el_class=&#8221;product-details&#8221;][vc_column_text] PAD PARIS April 2019 | Paris &#8211; France &nbsp; Designers exhibited : Jacques-\u00c9mile RuhlmannJean Dunand \u00c9tienne Cournault Serge Roche Ren\u00e9 Drouet Jean Roy\u00e8re [\/vc_column_text][vc_column_text] [\/vc_column_text][vc_btn title=&#8221;BACK&#8221; style=&#8221;classic&#8221; link=&#8221;url:https%3A%2F%2Fwww.jacqueslacoste.com%2Fen%2Fexhibitions%2F|||&#8221;][\/vc_column][\/vc_row] [&#8230;]<\/p>\n<p><a class=\"btn btn-secondary understrap-read-more-link\" href=\"https:\/\/www.jacqueslacoste.com\/en\/exhibitions\/pad-paris-2019\/\">Read More&#8230;<\/a><\/p>\n","protected":false},"author":1,"featured_media":0,"parent":3327,"menu_order":0,"comment_status":"closed","ping_status":"closed","template":"","meta":{"inline_featured_image":false,"footnotes":""},"class_list":["post-9308","page","type-page","status-publish","hentry"],"_links":{"self":[{"href":"https:\/\/www.jacqueslacoste.com\/en\/wp-json\/wp\/v2\/pages\/9308","targetHints":{"allow":["GET"]}}],"collection":[{"href":"https:\/\/www.jacqueslacoste.com\/en\/wp-json\/wp\/v2\/pages"}],"about":[{"href":"https:\/\/www.jacqueslacoste.com\/en\/wp-json\/wp\/v2\/types\/page"}],"author":[{"embeddable":true,"href":"https:\/\/www.jacqueslacoste.com\/en\/wp-json\/wp\/v2\/users\/1"}],"replies":[{"embeddable":true,"href":"https:\/\/www.jacqueslacoste.com\/en\/wp-json\/wp\/v2\/comments?post=9308"}],"version-history":[{"count":3,"href":"https:\/\/www.jacqueslacoste.com\/en\/wp-json\/wp\/v2\/pages\/9308\/revisions"}],"predecessor-version":[{"id":18038,"href":"https:\/\/www.jacqueslacoste.com\/en\/wp-json\/wp\/v2\/pages\/9308\/revisions\/18038"}],"up":[{"embeddable":true,"href":"https:\/\/www.jacqueslacoste.com\/en\/wp-json\/wp\/v2\/pages\/3327"}],"wp:attachment":[{"href":"https:\/\/www.jacqueslacoste.com\/en\/wp-json\/wp\/v2\/media?parent=9308"}],"curies":[{"name":"wp","href":"https:\/\/api.w.org\/{rel}","templated":true}]}}