{"id":9349,"date":"2019-06-06T02:29:42","date_gmt":"2019-06-06T00:29:42","guid":{"rendered":"http:\/\/dev.jacqueslacoste.com\/?page_id=9349"},"modified":"2019-06-06T02:30:19","modified_gmt":"2019-06-06T00:30:19","slug":"mentions-legales","status":"publish","type":"page","link":"https:\/\/www.jacqueslacoste.com\/en\/mentions-legales\/","title":{"rendered":"Legal notice"},"content":{"rendered":"<p>[vc_row el_id=&#8221;arianne&#8221;][vc_column][vc_column_text]<nav aria-label=\"breadcrumbs\">\n            <div class=\"breadcrumb-container theme1\">\n                <ol>\n                                    <\/ol>\n            <\/div>\n        <\/nav>    <script type=\"application\/ld+json\">\n        {\n            \"@context\": \"http:\/\/schema.org\",\n            \"@type\": \"BreadcrumbList\",\n            \"itemListElement\": [\n                            ]\n        }\n    <\/script>\n   \n    <script>\n            <\/script>\n[\/vc_column_text][\/vc_column][\/vc_row][vc_row][vc_column width=&#8221;5\/6&#8243; el_class=&#8221;left-mentions&#8221;][vc_column_text css=&#8221;.vc_custom_1559780973668{border-left-width: 100px !important;padding-bottom: 25px !important;padding-left: 50px !important;}&#8221; el_class=&#8221;m-mentions&#8221;]<\/p>\n<h2><small><span style=\"color: #999999;\">LEGAL NOTICE<\/span><\/small><\/h2>\n<p>[\/vc_column_text][vc_row_inner][vc_column_inner width=&#8221;1\/2&#8243;][vc_column_text css=&#8221;.vc_custom_1550840853464{border-left-width: 100px !important;padding-left: 50px !important;}&#8221; el_class=&#8221;m-mentions&#8221;]<small><strong>Photographies :<\/strong><\/small><\/p>\n<p><small>\u00a9 Herv\u00e9 Lewandowski<\/small><br \/>\n<small>\u00a9 Mathieu Ferrier<\/small><br \/>\n<small>\u00a9 ADAGP, 2019<\/small><\/p>\n<p>&nbsp;<\/p>\n<p><small><strong>Design graphique :\u00a0<\/strong><\/small><\/p>\n<p><small>Ad\u00e9la\u00efde Laurent-Bellue<\/small><\/p>\n<p>&nbsp;<\/p>\n<p><small><strong>D\u00e9veloppement web :\u00a0<\/strong><\/small><\/p>\n<p><small>Agence Oblo<\/small>[\/vc_column_text][\/vc_column_inner][vc_column_inner width=&#8221;1\/2&#8243;][vc_column_text css=&#8221;.vc_custom_1542109080579{margin-left: 42px !important;border-left-width: 0px !important;padding-left: 0px !important;}&#8221;]<small><strong>Textes :<\/strong><\/small><\/p>\n<p><small>Fran\u00e7oise-Claire Prodhon<\/small><br \/>\n<small>C\u00e9dric Carr\u00e9<\/small><br \/>\n<small>Anne Bony<\/small><\/p>\n<p>&nbsp;<\/p>\n<p><small><strong>Traduction :\u00a0<\/strong><\/small><\/p>\n<p><small>Blandine Chambost<\/small>[\/vc_column_text][\/vc_column_inner][\/vc_row_inner][\/vc_column][vc_column width=&#8221;1\/6&#8243;][\/vc_column][\/vc_row]<\/p>\n","protected":false},"excerpt":{"rendered":"<p>[vc_row el_id=&#8221;arianne&#8221;][vc_column][vc_column_text][\/vc_column_text][\/vc_column][\/vc_row][vc_row][vc_column width=&#8221;5\/6&#8243; el_class=&#8221;left-mentions&#8221;][vc_column_text css=&#8221;.vc_custom_1559780973668{border-left-width: 100px !important;padding-bottom: 25px !important;padding-left: 50px !important;}&#8221; el_class=&#8221;m-mentions&#8221;] LEGAL NOTICE [\/vc_column_text][vc_row_inner][vc_column_inner width=&#8221;1\/2&#8243;][vc_column_text css=&#8221;.vc_custom_1550840853464{border-left-width: 100px !important;padding-left: 50px !important;}&#8221; el_class=&#8221;m-mentions&#8221;]Photographies : \u00a9 Herv\u00e9 Lewandowski \u00a9 Mathieu Ferrier \u00a9 ADAGP, 2019 &nbsp; Design graphique :\u00a0 Ad\u00e9la\u00efde Laurent-Bellue &nbsp; D\u00e9veloppement web :\u00a0 Agence Oblo[\/vc_column_text][\/vc_column_inner][vc_column_inner width=&#8221;1\/2&#8243;][vc_column_text css=&#8221;.vc_custom_1542109080579{margin-left: 42px !important;border-left-width: 0px !important;padding-left: 0px !important;}&#8221;]Textes : Fran\u00e7oise-Claire Prodhon [&#8230;]<\/p>\n<p><a class=\"btn btn-secondary understrap-read-more-link\" href=\"https:\/\/www.jacqueslacoste.com\/en\/mentions-legales\/\">Read More&#8230;<\/a><\/p>\n","protected":false},"author":1,"featured_media":0,"parent":0,"menu_order":0,"comment_status":"closed","ping_status":"closed","template":"page-templates\/fullwidthpage.php","meta":{"inline_featured_image":false,"footnotes":""},"class_list":["post-9349","page","type-page","status-publish","hentry"],"_links":{"self":[{"href":"https:\/\/www.jacqueslacoste.com\/en\/wp-json\/wp\/v2\/pages\/9349","targetHints":{"allow":["GET"]}}],"collection":[{"href":"https:\/\/www.jacqueslacoste.com\/en\/wp-json\/wp\/v2\/pages"}],"about":[{"href":"https:\/\/www.jacqueslacoste.com\/en\/wp-json\/wp\/v2\/types\/page"}],"author":[{"embeddable":true,"href":"https:\/\/www.jacqueslacoste.com\/en\/wp-json\/wp\/v2\/users\/1"}],"replies":[{"embeddable":true,"href":"https:\/\/www.jacqueslacoste.com\/en\/wp-json\/wp\/v2\/comments?post=9349"}],"version-history":[{"count":0,"href":"https:\/\/www.jacqueslacoste.com\/en\/wp-json\/wp\/v2\/pages\/9349\/revisions"}],"wp:attachment":[{"href":"https:\/\/www.jacqueslacoste.com\/en\/wp-json\/wp\/v2\/media?parent=9349"}],"curies":[{"name":"wp","href":"https:\/\/api.w.org\/{rel}","templated":true}]}}